{"id":278,"date":"2020-01-19T17:49:46","date_gmt":"2020-01-19T17:49:46","guid":{"rendered":"http:\/\/makfoto.de\/?page_id=278"},"modified":"2023-12-10T15:23:19","modified_gmt":"2023-12-10T15:23:19","slug":"werbung","status":"publish","type":"page","link":"https:\/\/makfoto.de\/?page_id=278","title":{"rendered":"Werbung"},"content":{"rendered":"\n<p>Bei den nachfolgenden Links und Bannern handelt es sich um sogenannte Affiliate Links. Kommt \u00fcber einen solchen Link oder Banner ein Einkauf zustande, werde ich mit<br>einer Provision beteiligt. F\u00fcr Dich entstehen dabei keine Mehrkosten. Wo, wann und wie Du ein Produkt kaufst, bleibt nat\u00fcrlich Dir \u00fcberlassen.\u201c<\/p>\n\n\n\n<a href=\"https:\/\/a.check24.net\/misc\/click.php?pid=130621&amp;aid=257&amp;deep=pauschalreisen-vergleich&amp;cat=9\" target=\"_blank\" rel=\"noopener noreferrer\"><img decoding=\"async\" src=\"https:\/\/a.check24.net\/misc\/view.php?pid=130621&amp;aid=257&amp;cat=9\"><\/a>\n\n\n\n<a href=\"https:\/\/a.check24.net\/misc\/click.php?pid=130621&amp;aid=241&amp;deep=mietwagen-preisvergleich&amp;cat=10\" target=\"_blank\" rel=\"noopener noreferrer\"><img decoding=\"async\" src=\"https:\/\/a.check24.net\/misc\/view.php?pid=130621&amp;aid=241&amp;cat=10\"><\/a>\n\n\n\n<a href=\"https:\/\/0060553426.telekom-profis.de\" target=\"_blank\" title=\"Aktuelle Top-Angebote der Telekom, Online-Vorteile, Attraktive Pr\u00e4mien\" rel=\"noopener noreferrer\"><img decoding=\"async\" src=\"\/\/www.telekom-profis.de\/vermitteln\/werbemittel\/grafik\/telekom-logo-300px-65px.jpg\" alt=\"Aktuelle Top-Angebote der Telekom, Online-Vorteile, Attraktive Pr\u00e4mien\"><\/a>\n\n\n\n<p><a rel=\"noreferrer noopener\" href=\"https:\/\/www.pmebusiness.com\/de\/shop\/?C=58810867\" data-type=\"URL\" data-id=\"https:\/\/www.pmebusiness.com\/de\/shop\/?C=58810867\" target=\"_blank\">FitlinePartnerShop<\/a><\/p>\n\n\n\n<p><\/p>\n","protected":false},"excerpt":{"rendered":"<p>Bei den nachfolgenden Links und Bannern handelt es sich um sogenannte Affiliate Links. Kommt \u00fcber einen solchen Link oder Banner<\/p>\n","protected":false},"author":1,"featured_media":0,"parent":0,"menu_order":0,"comment_status":"closed","ping_status":"closed","template":"","meta":{"_exactmetrics_skip_tracking":false,"_exactmetrics_sitenote_active":false,"_exactmetrics_sitenote_note":"","_exactmetrics_sitenote_category":0,"ngg_post_thumbnail":0,"footnotes":""},"class_list":["post-278","page","type-page","status-publish","hentry"],"jetpack_sharing_enabled":true,"_links":{"self":[{"href":"https:\/\/makfoto.de\/index.php?rest_route=\/wp\/v2\/pages\/278","targetHints":{"allow":["GET"]}}],"collection":[{"href":"https:\/\/makfoto.de\/index.php?rest_route=\/wp\/v2\/pages"}],"about":[{"href":"https:\/\/makfoto.de\/index.php?rest_route=\/wp\/v2\/types\/page"}],"author":[{"embeddable":true,"href":"https:\/\/makfoto.de\/index.php?rest_route=\/wp\/v2\/users\/1"}],"replies":[{"embeddable":true,"href":"https:\/\/makfoto.de\/index.php?rest_route=%2Fwp%2Fv2%2Fcomments&post=278"}],"version-history":[{"count":24,"href":"https:\/\/makfoto.de\/index.php?rest_route=\/wp\/v2\/pages\/278\/revisions"}],"predecessor-version":[{"id":3119,"href":"https:\/\/makfoto.de\/index.php?rest_route=\/wp\/v2\/pages\/278\/revisions\/3119"}],"wp:attachment":[{"href":"https:\/\/makfoto.de\/index.php?rest_route=%2Fwp%2Fv2%2Fmedia&parent=278"}],"curies":[{"name":"wp","href":"https:\/\/api.w.org\/{rel}","templated":true}]}}